{"id":108305,"date":"2025-05-14T10:55:51","date_gmt":"2025-05-14T08:55:51","guid":{"rendered":"https:\/\/praxi.gr\/homepage\/?post_type=product&#038;p=108305"},"modified":"2025-05-14T11:09:46","modified_gmt":"2025-05-14T09:09:46","slug":"clam-basic","status":"publish","type":"product","link":"https:\/\/praxi.gr\/homepage\/shop\/%cf%80%cf%81%ce%b5%cf%83%ce%b5%cf%82-%ce%b8%ce%b5%cf%81%ce%bc%ce%bf%ce%bc%ce%b5%cf%84%ce%b1%cf%86%ce%bf%cf%81%ce%b1%cf%82\/clam-basic\/","title":{"rendered":"Clam Basic"},"content":{"rendered":"","protected":false},"excerpt":{"rendered":"<h3 data-start=\"189\" data-end=\"214\">\u0392\u03b1\u03c3\u03b9\u03ba\u03ac \u03a7\u03b1\u03c1\u03b1\u03ba\u03c4\u03b7\u03c1\u03b9\u03c3\u03c4\u03b9\u03ba\u03ac<\/h3>\n<p data-start=\"216\" data-end=\"260\"><strong data-start=\"216\" data-end=\"244\">TECHNICAL SPECIFICATIONS<\/strong>\u2003\u2003<strong data-start=\"246\" data-end=\"260\">CLAM BASIC<\/strong><\/p>\n<ul data-start=\"262\" data-end=\"1281\">\n<li data-start=\"262\" data-end=\"457\">\n<p data-start=\"264\" data-end=\"292\"><strong data-start=\"264\" data-end=\"291\">\u0394\u03b9\u03b1\u03b8\u03ad\u03c3\u03b9\u03bc\u03b1 \u03bc\u03b5\u03b3\u03ad\u03b8\u03b7 \u03c0\u03bb\u03ac\u03ba\u03b1\u03c2<\/strong>:<\/p>\n<ul data-start=\"295\" data-end=\"457\">\n<li data-start=\"295\" data-end=\"334\">\n<p data-start=\"297\" data-end=\"334\"><span class=\"relative -mx-px my-[-0.2rem] rounded px-px py-[0.2rem] transition-colors duration-100 ease-in-out\">28 \u00d7 38 cm<\/span><\/p>\n<\/li>\n<li data-start=\"337\" data-end=\"376\">\n<p data-start=\"339\" data-end=\"376\"><span class=\"relative -mx-px my-[-0.2rem] rounded px-px py-[0.2rem] transition-colors duration-100 ease-in-out\">38 \u00d7 38 cm<\/span><\/p>\n<\/li>\n<li data-start=\"379\" data-end=\"457\">\n<p data-start=\"381\" data-end=\"457\"><span class=\"relative -mx-px my-[-0.2rem] rounded px-px py-[0.2rem] transition-colors duration-100 ease-in-out\">40 \u00d7 50 cm<\/span><\/p>\n<\/li>\n<\/ul>\n<\/li>\n<li data-start=\"459\" data-end=\"529\">\n<p data-start=\"461\" data-end=\"529\"><strong data-start=\"461\" data-end=\"488\">\u03a1\u03c5\u03b8\u03bc\u03b9\u03b6\u03cc\u03bc\u03b5\u03bd\u03b7 \u03b8\u03b5\u03c1\u03bc\u03bf\u03ba\u03c1\u03b1\u03c3\u03af\u03b1<\/strong>: <span class=\"relative -mx-px my-[-0.2rem] rounded px-px py-[0.2rem] transition-colors duration-100 ease-in-out\">96\u00b0C \u03ad\u03c9\u03c2 221\u00b0C<\/span><\/p>\n<\/li>\n<li data-start=\"530\" data-end=\"587\">\n<p data-start=\"532\" data-end=\"587\"><strong data-start=\"532\" data-end=\"546\">\u03a7\u03c1\u03bf\u03bd\u03cc\u03bc\u03b5\u03c4\u03c1\u03bf<\/strong>: <span class=\"relative -mx-px my-[-0.2rem] rounded px-px py-[0.2rem] transition-colors duration-100 ease-in-out\">1\u2013999 \u03b4\u03b5\u03c5\u03c4\u03b5\u03c1\u03cc\u03bb\u03b5\u03c0\u03c4\u03b1<\/span><\/p>\n<\/li>\n<li data-start=\"588\" data-end=\"654\">\n<p data-start=\"590\" data-end=\"654\"><strong data-start=\"590\" data-end=\"613\">\u03a4\u03c1\u03bf\u03c6\u03bf\u03b4\u03bf\u03c3\u03af\u03b1 \u03c1\u03b5\u03cd\u03bc\u03b1\u03c4\u03bf\u03c2<\/strong>: <span class=\"relative -mx-px my-[-0.2rem] rounded px-px py-[0.2rem] transition-colors duration-100 ease-in-out\">230 Volt, 50 Hz, \u03bc\u03bf\u03bd\u03bf\u03c6\u03b1\u03c3\u03b9\u03ba\u03ae<\/span><\/p>\n<\/li>\n<li data-start=\"655\" data-end=\"719\">\n<p data-start=\"657\" data-end=\"719\"><strong data-start=\"657\" data-end=\"678\">\u039a\u03b1\u03c4\u03b1\u03bd\u03ac\u03bb\u03c9\u03c3\u03b7 \u03b9\u03c3\u03c7\u03cd\u03bf\u03c2<\/strong>: <span class=\"relative -mx-px my-[-0.2rem] rounded px-px py-[0.2rem] transition-colors duration-100 ease-in-out\">1.8 kW (8 Amp)<\/span><\/p>\n<\/li>\n<li data-start=\"720\" data-end=\"871\">\n<p data-start=\"722\" data-end=\"739\"><strong data-start=\"722\" data-end=\"738\">\u039a\u03b1\u03b8\u03b1\u03c1\u03cc \u03b2\u03ac\u03c1\u03bf\u03c2<\/strong>:<\/p>\n<ul data-start=\"742\" data-end=\"871\">\n<li data-start=\"742\" data-end=\"783\">\n<p data-start=\"744\" data-end=\"783\"><span class=\"relative -mx-px my-[-0.2rem] rounded px-px py-[0.2rem] transition-colors duration-100 ease-in-out\">28 kg (28 \u00d7 38 cm)<\/span><\/p>\n<\/li>\n<li data-start=\"786\" data-end=\"827\">\n<p data-start=\"788\" data-end=\"827\"><span class=\"relative -mx-px my-[-0.2rem] rounded px-px py-[0.2rem] transition-colors duration-100 ease-in-out\">31 kg (38 \u00d7 38 cm)<\/span><\/p>\n<\/li>\n<li data-start=\"830\" data-end=\"871\">\n<p data-start=\"832\" data-end=\"871\"><span class=\"relative -mx-px my-[-0.2rem] rounded px-px py-[0.2rem] transition-colors duration-100 ease-in-out\">40 kg (40 \u00d7 50 cm)<\/span><\/p>\n<\/li>\n<\/ul>\n<\/li>\n<li data-start=\"872\" data-end=\"989\">\n<p data-start=\"874\" data-end=\"901\"><strong data-start=\"874\" data-end=\"900\">\u0394\u03b9\u03b1\u03c3\u03c4\u03ac\u03c3\u03b5\u03b9\u03c2 \u03c3\u03c5\u03c3\u03ba\u03b5\u03c5\u03b1\u03c3\u03af\u03b1\u03c2<\/strong>:<\/p>\n<ul data-start=\"904\" data-end=\"989\">\n<li data-start=\"904\" data-end=\"945\">\n<p data-start=\"906\" data-end=\"945\"><span class=\"relative -mx-px my-[-0.2rem] rounded px-px py-[0.2rem] transition-colors duration-100 ease-in-out\">81 \u00d7 52 \u00d7 52 cm (38 \u00d7 38 cm)<\/span><\/p>\n<\/li>\n<li data-start=\"948\" data-end=\"989\">\n<p data-start=\"950\" data-end=\"989\"><span class=\"relative -mx-px my-[-0.2rem] rounded px-px py-[0.2rem] transition-colors duration-100 ease-in-out\">94 \u00d7 56 \u00d7 56 cm (40 \u00d7 50 cm)<\/span><\/p>\n<\/li>\n<\/ul>\n<\/li>\n<li data-start=\"990\" data-end=\"1187\">\n<p data-start=\"992\" data-end=\"1011\"><strong data-start=\"992\" data-end=\"1010\">\u03a7\u03b1\u03c1\u03b1\u03ba\u03c4\u03b7\u03c1\u03b9\u03c3\u03c4\u03b9\u03ba\u03ac<\/strong>:<\/p>\n<ul data-start=\"1014\" data-end=\"1187\">\n<li data-start=\"1014\" data-end=\"1055\">\n<p data-start=\"1016\" data-end=\"1055\"><span class=\"relative -mx-px my-[-0.2rem] rounded px-px py-[0.2rem] transition-colors duration-100 ease-in-out\">\u03a8\u03b7\u03c6\u03b9\u03b1\u03ba\u03cc\u03c2 \u03ad\u03bb\u03b5\u03b3\u03c7\u03bf\u03c2 \u03c7\u03c1\u03cc\u03bd\u03bf\u03c5 \u03ba\u03b1\u03b9 \u03b8\u03b5\u03c1\u03bc\u03bf\u03ba\u03c1\u03b1\u03c3\u03af\u03b1\u03c2<\/span><\/p>\n<\/li>\n<li data-start=\"1058\" data-end=\"1099\">\n<p data-start=\"1060\" data-end=\"1099\"><span class=\"relative -mx-px my-[-0.2rem] rounded px-px py-[0.2rem] transition-colors duration-100 ease-in-out\">\u0391\u03bd\u03c4\u03b9\u03ba\u03bf\u03bb\u03bb\u03b7\u03c4\u03b9\u03ba\u03ae \u03ac\u03bd\u03c9 \u03c0\u03bb\u03ac\u03ba\u03b1 \u03c0\u03ac\u03c7\u03bf\u03c5\u03c2 \u00be&#8221;<\/span><\/p>\n<\/li>\n<li data-start=\"1102\" data-end=\"1143\">\n<p data-start=\"1104\" data-end=\"1143\"><span class=\"relative -mx-px my-[-0.2rem] rounded px-px py-[0.2rem] transition-colors duration-100 ease-in-out\">\u0395\u03cd\u03ba\u03bf\u03bb\u03b7 \u03c1\u03cd\u03b8\u03bc\u03b9\u03c3\u03b7 \u03c0\u03af\u03b5\u03c3\u03b7\u03c2 \u03bc\u03ad\u03c3\u03c9 \u03ba\u03b5\u03bd\u03c4\u03c1\u03b9\u03ba\u03bf\u03cd \u03bc\u03bf\u03c7\u03bb\u03bf\u03cd<\/span><\/p>\n<\/li>\n<li data-start=\"1146\" data-end=\"1187\">\n<p data-start=\"1148\" data-end=\"1187\"><span class=\"relative -mx-px my-[-0.2rem] rounded px-px py-[0.2rem] transition-colors duration-100 ease-in-out\">\u03a3\u03c5\u03bc\u03c0\u03b1\u03b3\u03ae\u03c2 \u03ba\u03b1\u03b9 \u03b5\u03cd\u03ba\u03bf\u03bb\u03b7 \u03c3\u03c4\u03b7 \u03c7\u03c1\u03ae\u03c3\u03b7 \u03c3\u03c7\u03b5\u03b4\u03af\u03b1\u03c3\u03b7<\/span><\/p>\n<\/li>\n<\/ul>\n<\/li>\n<\/ul>\n","protected":false},"featured_media":108306,"template":"","meta":{"_acf_changed":false},"product_brand":[],"product_cat":[1230],"product_tag":[],"class_list":{"0":"post-108305","1":"product","2":"type-product","3":"status-publish","4":"has-post-thumbnail","6":"product_cat-1230","7":"tm-no-options","9":"first","10":"instock","11":"taxable","12":"shipping-taxable","13":"product-type-simple"},"composite_virtual":false,"composite_layout":"","composite_add_to_cart_form_location":"","composite_editable_in_cart":false,"composite_sold_individually_context":"","composite_shop_price_calc":"","composite_components":[],"composite_scenarios":[],"acf":[],"yoast_head":"<!-- This site is optimized with the Yoast SEO plugin v26.9 - https:\/\/yoast.com\/product\/yoast-seo-wordpress\/ -->\n<title>Clam Basic - \u03a0\u03a1\u0391\u039e\u0397<\/title>\n<meta name=\"robots\" content=\"index, follow, max-snippet:-1, max-image-preview:large, max-video-preview:-1\" \/>\n<link rel=\"canonical\" href=\"https:\/\/praxi.gr\/homepage\/shop\/\u03c0\u03c1\u03b5\u03c3\u03b5\u03c2-\u03b8\u03b5\u03c1\u03bc\u03bf\u03bc\u03b5\u03c4\u03b1\u03c6\u03bf\u03c1\u03b1\u03c2\/clam-basic\/\" \/>\n<meta property=\"og:locale\" content=\"el_GR\" \/>\n<meta property=\"og:type\" content=\"article\" \/>\n<meta property=\"og:title\" content=\"Clam Basic - \u03a0\u03a1\u0391\u039e\u0397\" \/>\n<meta property=\"og:description\" content=\"\u0392\u03b1\u03c3\u03b9\u03ba\u03ac \u03a7\u03b1\u03c1\u03b1\u03ba\u03c4\u03b7\u03c1\u03b9\u03c3\u03c4\u03b9\u03ba\u03ac TECHNICAL SPECIFICATIONS\u2003\u2003CLAM BASIC     \u0394\u03b9\u03b1\u03b8\u03ad\u03c3\u03b9\u03bc\u03b1 \u03bc\u03b5\u03b3\u03ad\u03b8\u03b7 \u03c0\u03bb\u03ac\u03ba\u03b1\u03c2:     28 \u00d7 38 cm    38 \u00d7 38 cm    40 \u00d7 50 cm      \u03a1\u03c5\u03b8\u03bc\u03b9\u03b6\u03cc\u03bc\u03b5\u03bd\u03b7 \u03b8\u03b5\u03c1\u03bc\u03bf\u03ba\u03c1\u03b1\u03c3\u03af\u03b1: 96\u00b0C \u03ad\u03c9\u03c2 221\u00b0C    \u03a7\u03c1\u03bf\u03bd\u03cc\u03bc\u03b5\u03c4\u03c1\u03bf: 1\u2013999 \u03b4\u03b5\u03c5\u03c4\u03b5\u03c1\u03cc\u03bb\u03b5\u03c0\u03c4\u03b1    \u03a4\u03c1\u03bf\u03c6\u03bf\u03b4\u03bf\u03c3\u03af\u03b1 \u03c1\u03b5\u03cd\u03bc\u03b1\u03c4\u03bf\u03c2: 230 Volt, 50 Hz, \u03bc\u03bf\u03bd\u03bf\u03c6\u03b1\u03c3\u03b9\u03ba\u03ae    \u039a\u03b1\u03c4\u03b1\u03bd\u03ac\u03bb\u03c9\u03c3\u03b7 \u03b9\u03c3\u03c7\u03cd\u03bf\u03c2: 1.8 kW (8 Amp)    \u039a\u03b1\u03b8\u03b1\u03c1\u03cc \u03b2\u03ac\u03c1\u03bf\u03c2:     28 kg (28 \u00d7 38 cm)    31 kg (38 \u00d7 38 cm)    40 kg (40 \u00d7 50 cm)      \u0394\u03b9\u03b1\u03c3\u03c4\u03ac\u03c3\u03b5\u03b9\u03c2 \u03c3\u03c5\u03c3\u03ba\u03b5\u03c5\u03b1\u03c3\u03af\u03b1\u03c2:     81 \u00d7 52 \u00d7 52 cm (38 \u00d7 38 cm)    94 \u00d7 56 \u00d7 56 cm (40 \u00d7 50 cm)      \u03a7\u03b1\u03c1\u03b1\u03ba\u03c4\u03b7\u03c1\u03b9\u03c3\u03c4\u03b9\u03ba\u03ac:     \u03a8\u03b7\u03c6\u03b9\u03b1\u03ba\u03cc\u03c2 \u03ad\u03bb\u03b5\u03b3\u03c7\u03bf\u03c2 \u03c7\u03c1\u03cc\u03bd\u03bf\u03c5 \u03ba\u03b1\u03b9 \u03b8\u03b5\u03c1\u03bc\u03bf\u03ba\u03c1\u03b1\u03c3\u03af\u03b1\u03c2    \u0391\u03bd\u03c4\u03b9\u03ba\u03bf\u03bb\u03bb\u03b7\u03c4\u03b9\u03ba\u03ae \u03ac\u03bd\u03c9 \u03c0\u03bb\u03ac\u03ba\u03b1 \u03c0\u03ac\u03c7\u03bf\u03c5\u03c2 \u00be&quot;    \u0395\u03cd\u03ba\u03bf\u03bb\u03b7 \u03c1\u03cd\u03b8\u03bc\u03b9\u03c3\u03b7 \u03c0\u03af\u03b5\u03c3\u03b7\u03c2 \u03bc\u03ad\u03c3\u03c9 \u03ba\u03b5\u03bd\u03c4\u03c1\u03b9\u03ba\u03bf\u03cd \u03bc\u03bf\u03c7\u03bb\u03bf\u03cd    \u03a3\u03c5\u03bc\u03c0\u03b1\u03b3\u03ae\u03c2 \u03ba\u03b1\u03b9 \u03b5\u03cd\u03ba\u03bf\u03bb\u03b7 \u03c3\u03c4\u03b7 \u03c7\u03c1\u03ae\u03c3\u03b7 \u03c3\u03c7\u03b5\u03b4\u03af\u03b1\u03c3\u03b7\" \/>\n<meta property=\"og:url\" content=\"https:\/\/praxi.gr\/homepage\/shop\/\u03c0\u03c1\u03b5\u03c3\u03b5\u03c2-\u03b8\u03b5\u03c1\u03bc\u03bf\u03bc\u03b5\u03c4\u03b1\u03c6\u03bf\u03c1\u03b1\u03c2\/clam-basic\/\" \/>\n<meta property=\"og:site_name\" content=\"\u03a0\u03a1\u0391\u039e\u0397\" \/>\n<meta property=\"article:publisher\" content=\"https:\/\/www.facebook.com\/PRAXILTD\" \/>\n<meta property=\"article:modified_time\" content=\"2025-05-14T09:09:46+00:00\" \/>\n<meta property=\"og:image\" content=\"https:\/\/praxi.gr\/homepage\/wp-content\/uploads\/2025\/05\/Image-for-site-products-94.jpg\" \/>\n\t<meta property=\"og:image:width\" content=\"1000\" \/>\n\t<meta property=\"og:image:height\" content=\"847\" \/>\n\t<meta property=\"og:image:type\" content=\"image\/jpeg\" \/>\n<meta name=\"twitter:card\" content=\"summary_large_image\" \/>\n<meta name=\"twitter:label1\" content=\"\u0395\u03ba\u03c4\u03b9\u03bc\u03ce\u03bc\u03b5\u03bd\u03bf\u03c2 \u03c7\u03c1\u03cc\u03bd\u03bf\u03c2 \u03b1\u03bd\u03ac\u03b3\u03bd\u03c9\u03c3\u03b7\u03c2\" \/>\n\t<meta name=\"twitter:data1\" content=\"1 \u03bb\u03b5\u03c0\u03c4\u03cc\" \/>\n<script type=\"application\/ld+json\" class=\"yoast-schema-graph\">{\"@context\":\"https:\/\/schema.org\",\"@graph\":[{\"@type\":\"WebPage\",\"@id\":\"https:\/\/praxi.gr\/homepage\/shop\/%cf%80%cf%81%ce%b5%cf%83%ce%b5%cf%82-%ce%b8%ce%b5%cf%81%ce%bc%ce%bf%ce%bc%ce%b5%cf%84%ce%b1%cf%86%ce%bf%cf%81%ce%b1%cf%82\/clam-basic\/\",\"url\":\"https:\/\/praxi.gr\/homepage\/shop\/%cf%80%cf%81%ce%b5%cf%83%ce%b5%cf%82-%ce%b8%ce%b5%cf%81%ce%bc%ce%bf%ce%bc%ce%b5%cf%84%ce%b1%cf%86%ce%bf%cf%81%ce%b1%cf%82\/clam-basic\/\",\"name\":\"Clam Basic - \u03a0\u03a1\u0391\u039e\u0397\",\"isPartOf\":{\"@id\":\"https:\/\/praxi.gr\/homepage\/#website\"},\"primaryImageOfPage\":{\"@id\":\"https:\/\/praxi.gr\/homepage\/shop\/%cf%80%cf%81%ce%b5%cf%83%ce%b5%cf%82-%ce%b8%ce%b5%cf%81%ce%bc%ce%bf%ce%bc%ce%b5%cf%84%ce%b1%cf%86%ce%bf%cf%81%ce%b1%cf%82\/clam-basic\/#primaryimage\"},\"image\":{\"@id\":\"https:\/\/praxi.gr\/homepage\/shop\/%cf%80%cf%81%ce%b5%cf%83%ce%b5%cf%82-%ce%b8%ce%b5%cf%81%ce%bc%ce%bf%ce%bc%ce%b5%cf%84%ce%b1%cf%86%ce%bf%cf%81%ce%b1%cf%82\/clam-basic\/#primaryimage\"},\"thumbnailUrl\":\"https:\/\/praxi.gr\/homepage\/wp-content\/uploads\/2025\/05\/Image-for-site-products-94.jpg\",\"datePublished\":\"2025-05-14T08:55:51+00:00\",\"dateModified\":\"2025-05-14T09:09:46+00:00\",\"breadcrumb\":{\"@id\":\"https:\/\/praxi.gr\/homepage\/shop\/%cf%80%cf%81%ce%b5%cf%83%ce%b5%cf%82-%ce%b8%ce%b5%cf%81%ce%bc%ce%bf%ce%bc%ce%b5%cf%84%ce%b1%cf%86%ce%bf%cf%81%ce%b1%cf%82\/clam-basic\/#breadcrumb\"},\"inLanguage\":\"el\",\"potentialAction\":[{\"@type\":\"ReadAction\",\"target\":[\"https:\/\/praxi.gr\/homepage\/shop\/%cf%80%cf%81%ce%b5%cf%83%ce%b5%cf%82-%ce%b8%ce%b5%cf%81%ce%bc%ce%bf%ce%bc%ce%b5%cf%84%ce%b1%cf%86%ce%bf%cf%81%ce%b1%cf%82\/clam-basic\/\"]}]},{\"@type\":\"ImageObject\",\"inLanguage\":\"el\",\"@id\":\"https:\/\/praxi.gr\/homepage\/shop\/%cf%80%cf%81%ce%b5%cf%83%ce%b5%cf%82-%ce%b8%ce%b5%cf%81%ce%bc%ce%bf%ce%bc%ce%b5%cf%84%ce%b1%cf%86%ce%bf%cf%81%ce%b1%cf%82\/clam-basic\/#primaryimage\",\"url\":\"https:\/\/praxi.gr\/homepage\/wp-content\/uploads\/2025\/05\/Image-for-site-products-94.jpg\",\"contentUrl\":\"https:\/\/praxi.gr\/homepage\/wp-content\/uploads\/2025\/05\/Image-for-site-products-94.jpg\",\"width\":1000,\"height\":847},{\"@type\":\"BreadcrumbList\",\"@id\":\"https:\/\/praxi.gr\/homepage\/shop\/%cf%80%cf%81%ce%b5%cf%83%ce%b5%cf%82-%ce%b8%ce%b5%cf%81%ce%bc%ce%bf%ce%bc%ce%b5%cf%84%ce%b1%cf%86%ce%bf%cf%81%ce%b1%cf%82\/clam-basic\/#breadcrumb\",\"itemListElement\":[{\"@type\":\"ListItem\",\"position\":1,\"name\":\"\u0391\u03c1\u03c7\u03b9\u03ba\u03ae\",\"item\":\"https:\/\/praxi.gr\/homepage\/\"},{\"@type\":\"ListItem\",\"position\":2,\"name\":\"\u03a0\u03c1\u03bf\u03ca\u03cc\u03bd\u03c4\u03b1\",\"item\":\"https:\/\/praxi.gr\/homepage\/shop\/\"},{\"@type\":\"ListItem\",\"position\":3,\"name\":\"Clam Basic\"}]},{\"@type\":\"WebSite\",\"@id\":\"https:\/\/praxi.gr\/homepage\/#website\",\"url\":\"https:\/\/praxi.gr\/homepage\/\",\"name\":\"\u03a0\u03a1\u0391\u039e\u0397 Printing & IT Solutions\",\"description\":\"Printing &amp; IT Solutions\",\"publisher\":{\"@id\":\"https:\/\/praxi.gr\/homepage\/#organization\"},\"potentialAction\":[{\"@type\":\"SearchAction\",\"target\":{\"@type\":\"EntryPoint\",\"urlTemplate\":\"https:\/\/praxi.gr\/homepage\/?s={search_term_string}\"},\"query-input\":{\"@type\":\"PropertyValueSpecification\",\"valueRequired\":true,\"valueName\":\"search_term_string\"}}],\"inLanguage\":\"el\"},{\"@type\":\"Organization\",\"@id\":\"https:\/\/praxi.gr\/homepage\/#organization\",\"name\":\"\u03a0\u03a1\u0391\u039e\u0397 Printing & IT Solutions\",\"url\":\"https:\/\/praxi.gr\/homepage\/\",\"logo\":{\"@type\":\"ImageObject\",\"inLanguage\":\"el\",\"@id\":\"https:\/\/praxi.gr\/homepage\/#\/schema\/logo\/image\/\",\"url\":\"https:\/\/praxi.gr\/homepage\/wp-content\/uploads\/2021\/02\/Logo-Praxi-Printing-IT-Solutions-ai.png\",\"contentUrl\":\"https:\/\/praxi.gr\/homepage\/wp-content\/uploads\/2021\/02\/Logo-Praxi-Printing-IT-Solutions-ai.png\",\"width\":1153,\"height\":471,\"caption\":\"\u03a0\u03a1\u0391\u039e\u0397 Printing & IT Solutions\"},\"image\":{\"@id\":\"https:\/\/praxi.gr\/homepage\/#\/schema\/logo\/image\/\"},\"sameAs\":[\"https:\/\/www.facebook.com\/PRAXILTD\",\"https:\/\/www.instagram.com\/praxi_ltd\/\",\"https:\/\/www.tiktok.com\/@praxi_ltd\"]}]}<\/script>\n<!-- \/ Yoast SEO plugin. -->","yoast_head_json":{"title":"Clam Basic - \u03a0\u03a1\u0391\u039e\u0397","robots":{"index":"index","follow":"follow","max-snippet":"max-snippet:-1","max-image-preview":"max-image-preview:large","max-video-preview":"max-video-preview:-1"},"canonical":"https:\/\/praxi.gr\/homepage\/shop\/\u03c0\u03c1\u03b5\u03c3\u03b5\u03c2-\u03b8\u03b5\u03c1\u03bc\u03bf\u03bc\u03b5\u03c4\u03b1\u03c6\u03bf\u03c1\u03b1\u03c2\/clam-basic\/","og_locale":"el_GR","og_type":"article","og_title":"Clam Basic - \u03a0\u03a1\u0391\u039e\u0397","og_description":"\u0392\u03b1\u03c3\u03b9\u03ba\u03ac \u03a7\u03b1\u03c1\u03b1\u03ba\u03c4\u03b7\u03c1\u03b9\u03c3\u03c4\u03b9\u03ba\u03ac TECHNICAL SPECIFICATIONS\u2003\u2003CLAM BASIC     \u0394\u03b9\u03b1\u03b8\u03ad\u03c3\u03b9\u03bc\u03b1 \u03bc\u03b5\u03b3\u03ad\u03b8\u03b7 \u03c0\u03bb\u03ac\u03ba\u03b1\u03c2:     28 \u00d7 38 cm    38 \u00d7 38 cm    40 \u00d7 50 cm      \u03a1\u03c5\u03b8\u03bc\u03b9\u03b6\u03cc\u03bc\u03b5\u03bd\u03b7 \u03b8\u03b5\u03c1\u03bc\u03bf\u03ba\u03c1\u03b1\u03c3\u03af\u03b1: 96\u00b0C \u03ad\u03c9\u03c2 221\u00b0C    \u03a7\u03c1\u03bf\u03bd\u03cc\u03bc\u03b5\u03c4\u03c1\u03bf: 1\u2013999 \u03b4\u03b5\u03c5\u03c4\u03b5\u03c1\u03cc\u03bb\u03b5\u03c0\u03c4\u03b1    \u03a4\u03c1\u03bf\u03c6\u03bf\u03b4\u03bf\u03c3\u03af\u03b1 \u03c1\u03b5\u03cd\u03bc\u03b1\u03c4\u03bf\u03c2: 230 Volt, 50 Hz, \u03bc\u03bf\u03bd\u03bf\u03c6\u03b1\u03c3\u03b9\u03ba\u03ae    \u039a\u03b1\u03c4\u03b1\u03bd\u03ac\u03bb\u03c9\u03c3\u03b7 \u03b9\u03c3\u03c7\u03cd\u03bf\u03c2: 1.8 kW (8 Amp)    \u039a\u03b1\u03b8\u03b1\u03c1\u03cc \u03b2\u03ac\u03c1\u03bf\u03c2:     28 kg (28 \u00d7 38 cm)    31 kg (38 \u00d7 38 cm)    40 kg (40 \u00d7 50 cm)      \u0394\u03b9\u03b1\u03c3\u03c4\u03ac\u03c3\u03b5\u03b9\u03c2 \u03c3\u03c5\u03c3\u03ba\u03b5\u03c5\u03b1\u03c3\u03af\u03b1\u03c2:     81 \u00d7 52 \u00d7 52 cm (38 \u00d7 38 cm)    94 \u00d7 56 \u00d7 56 cm (40 \u00d7 50 cm)      \u03a7\u03b1\u03c1\u03b1\u03ba\u03c4\u03b7\u03c1\u03b9\u03c3\u03c4\u03b9\u03ba\u03ac:     \u03a8\u03b7\u03c6\u03b9\u03b1\u03ba\u03cc\u03c2 \u03ad\u03bb\u03b5\u03b3\u03c7\u03bf\u03c2 \u03c7\u03c1\u03cc\u03bd\u03bf\u03c5 \u03ba\u03b1\u03b9 \u03b8\u03b5\u03c1\u03bc\u03bf\u03ba\u03c1\u03b1\u03c3\u03af\u03b1\u03c2    \u0391\u03bd\u03c4\u03b9\u03ba\u03bf\u03bb\u03bb\u03b7\u03c4\u03b9\u03ba\u03ae \u03ac\u03bd\u03c9 \u03c0\u03bb\u03ac\u03ba\u03b1 \u03c0\u03ac\u03c7\u03bf\u03c5\u03c2 \u00be\"    \u0395\u03cd\u03ba\u03bf\u03bb\u03b7 \u03c1\u03cd\u03b8\u03bc\u03b9\u03c3\u03b7 \u03c0\u03af\u03b5\u03c3\u03b7\u03c2 \u03bc\u03ad\u03c3\u03c9 \u03ba\u03b5\u03bd\u03c4\u03c1\u03b9\u03ba\u03bf\u03cd \u03bc\u03bf\u03c7\u03bb\u03bf\u03cd    \u03a3\u03c5\u03bc\u03c0\u03b1\u03b3\u03ae\u03c2 \u03ba\u03b1\u03b9 \u03b5\u03cd\u03ba\u03bf\u03bb\u03b7 \u03c3\u03c4\u03b7 \u03c7\u03c1\u03ae\u03c3\u03b7 \u03c3\u03c7\u03b5\u03b4\u03af\u03b1\u03c3\u03b7","og_url":"https:\/\/praxi.gr\/homepage\/shop\/\u03c0\u03c1\u03b5\u03c3\u03b5\u03c2-\u03b8\u03b5\u03c1\u03bc\u03bf\u03bc\u03b5\u03c4\u03b1\u03c6\u03bf\u03c1\u03b1\u03c2\/clam-basic\/","og_site_name":"\u03a0\u03a1\u0391\u039e\u0397","article_publisher":"https:\/\/www.facebook.com\/PRAXILTD","article_modified_time":"2025-05-14T09:09:46+00:00","og_image":[{"width":1000,"height":847,"url":"https:\/\/praxi.gr\/homepage\/wp-content\/uploads\/2025\/05\/Image-for-site-products-94.jpg","type":"image\/jpeg"}],"twitter_card":"summary_large_image","twitter_misc":{"\u0395\u03ba\u03c4\u03b9\u03bc\u03ce\u03bc\u03b5\u03bd\u03bf\u03c2 \u03c7\u03c1\u03cc\u03bd\u03bf\u03c2 \u03b1\u03bd\u03ac\u03b3\u03bd\u03c9\u03c3\u03b7\u03c2":"1 \u03bb\u03b5\u03c0\u03c4\u03cc"},"schema":{"@context":"https:\/\/schema.org","@graph":[{"@type":"WebPage","@id":"https:\/\/praxi.gr\/homepage\/shop\/%cf%80%cf%81%ce%b5%cf%83%ce%b5%cf%82-%ce%b8%ce%b5%cf%81%ce%bc%ce%bf%ce%bc%ce%b5%cf%84%ce%b1%cf%86%ce%bf%cf%81%ce%b1%cf%82\/clam-basic\/","url":"https:\/\/praxi.gr\/homepage\/shop\/%cf%80%cf%81%ce%b5%cf%83%ce%b5%cf%82-%ce%b8%ce%b5%cf%81%ce%bc%ce%bf%ce%bc%ce%b5%cf%84%ce%b1%cf%86%ce%bf%cf%81%ce%b1%cf%82\/clam-basic\/","name":"Clam Basic - \u03a0\u03a1\u0391\u039e\u0397","isPartOf":{"@id":"https:\/\/praxi.gr\/homepage\/#website"},"primaryImageOfPage":{"@id":"https:\/\/praxi.gr\/homepage\/shop\/%cf%80%cf%81%ce%b5%cf%83%ce%b5%cf%82-%ce%b8%ce%b5%cf%81%ce%bc%ce%bf%ce%bc%ce%b5%cf%84%ce%b1%cf%86%ce%bf%cf%81%ce%b1%cf%82\/clam-basic\/#primaryimage"},"image":{"@id":"https:\/\/praxi.gr\/homepage\/shop\/%cf%80%cf%81%ce%b5%cf%83%ce%b5%cf%82-%ce%b8%ce%b5%cf%81%ce%bc%ce%bf%ce%bc%ce%b5%cf%84%ce%b1%cf%86%ce%bf%cf%81%ce%b1%cf%82\/clam-basic\/#primaryimage"},"thumbnailUrl":"https:\/\/praxi.gr\/homepage\/wp-content\/uploads\/2025\/05\/Image-for-site-products-94.jpg","datePublished":"2025-05-14T08:55:51+00:00","dateModified":"2025-05-14T09:09:46+00:00","breadcrumb":{"@id":"https:\/\/praxi.gr\/homepage\/shop\/%cf%80%cf%81%ce%b5%cf%83%ce%b5%cf%82-%ce%b8%ce%b5%cf%81%ce%bc%ce%bf%ce%bc%ce%b5%cf%84%ce%b1%cf%86%ce%bf%cf%81%ce%b1%cf%82\/clam-basic\/#breadcrumb"},"inLanguage":"el","potentialAction":[{"@type":"ReadAction","target":["https:\/\/praxi.gr\/homepage\/shop\/%cf%80%cf%81%ce%b5%cf%83%ce%b5%cf%82-%ce%b8%ce%b5%cf%81%ce%bc%ce%bf%ce%bc%ce%b5%cf%84%ce%b1%cf%86%ce%bf%cf%81%ce%b1%cf%82\/clam-basic\/"]}]},{"@type":"ImageObject","inLanguage":"el","@id":"https:\/\/praxi.gr\/homepage\/shop\/%cf%80%cf%81%ce%b5%cf%83%ce%b5%cf%82-%ce%b8%ce%b5%cf%81%ce%bc%ce%bf%ce%bc%ce%b5%cf%84%ce%b1%cf%86%ce%bf%cf%81%ce%b1%cf%82\/clam-basic\/#primaryimage","url":"https:\/\/praxi.gr\/homepage\/wp-content\/uploads\/2025\/05\/Image-for-site-products-94.jpg","contentUrl":"https:\/\/praxi.gr\/homepage\/wp-content\/uploads\/2025\/05\/Image-for-site-products-94.jpg","width":1000,"height":847},{"@type":"BreadcrumbList","@id":"https:\/\/praxi.gr\/homepage\/shop\/%cf%80%cf%81%ce%b5%cf%83%ce%b5%cf%82-%ce%b8%ce%b5%cf%81%ce%bc%ce%bf%ce%bc%ce%b5%cf%84%ce%b1%cf%86%ce%bf%cf%81%ce%b1%cf%82\/clam-basic\/#breadcrumb","itemListElement":[{"@type":"ListItem","position":1,"name":"\u0391\u03c1\u03c7\u03b9\u03ba\u03ae","item":"https:\/\/praxi.gr\/homepage\/"},{"@type":"ListItem","position":2,"name":"\u03a0\u03c1\u03bf\u03ca\u03cc\u03bd\u03c4\u03b1","item":"https:\/\/praxi.gr\/homepage\/shop\/"},{"@type":"ListItem","position":3,"name":"Clam Basic"}]},{"@type":"WebSite","@id":"https:\/\/praxi.gr\/homepage\/#website","url":"https:\/\/praxi.gr\/homepage\/","name":"\u03a0\u03a1\u0391\u039e\u0397 Printing & IT Solutions","description":"Printing &amp; IT Solutions","publisher":{"@id":"https:\/\/praxi.gr\/homepage\/#organization"},"potentialAction":[{"@type":"SearchAction","target":{"@type":"EntryPoint","urlTemplate":"https:\/\/praxi.gr\/homepage\/?s={search_term_string}"},"query-input":{"@type":"PropertyValueSpecification","valueRequired":true,"valueName":"search_term_string"}}],"inLanguage":"el"},{"@type":"Organization","@id":"https:\/\/praxi.gr\/homepage\/#organization","name":"\u03a0\u03a1\u0391\u039e\u0397 Printing & IT Solutions","url":"https:\/\/praxi.gr\/homepage\/","logo":{"@type":"ImageObject","inLanguage":"el","@id":"https:\/\/praxi.gr\/homepage\/#\/schema\/logo\/image\/","url":"https:\/\/praxi.gr\/homepage\/wp-content\/uploads\/2021\/02\/Logo-Praxi-Printing-IT-Solutions-ai.png","contentUrl":"https:\/\/praxi.gr\/homepage\/wp-content\/uploads\/2021\/02\/Logo-Praxi-Printing-IT-Solutions-ai.png","width":1153,"height":471,"caption":"\u03a0\u03a1\u0391\u039e\u0397 Printing & IT Solutions"},"image":{"@id":"https:\/\/praxi.gr\/homepage\/#\/schema\/logo\/image\/"},"sameAs":["https:\/\/www.facebook.com\/PRAXILTD","https:\/\/www.instagram.com\/praxi_ltd\/","https:\/\/www.tiktok.com\/@praxi_ltd"]}]}},"_links":{"self":[{"href":"https:\/\/praxi.gr\/homepage\/wp-json\/wp\/v2\/product\/108305","targetHints":{"allow":["GET"]}}],"collection":[{"href":"https:\/\/praxi.gr\/homepage\/wp-json\/wp\/v2\/product"}],"about":[{"href":"https:\/\/praxi.gr\/homepage\/wp-json\/wp\/v2\/types\/product"}],"version-history":[{"count":1,"href":"https:\/\/praxi.gr\/homepage\/wp-json\/wp\/v2\/product\/108305\/revisions"}],"predecessor-version":[{"id":108307,"href":"https:\/\/praxi.gr\/homepage\/wp-json\/wp\/v2\/product\/108305\/revisions\/108307"}],"wp:featuredmedia":[{"embeddable":true,"href":"https:\/\/praxi.gr\/homepage\/wp-json\/wp\/v2\/media\/108306"}],"wp:attachment":[{"href":"https:\/\/praxi.gr\/homepage\/wp-json\/wp\/v2\/media?parent=108305"}],"wp:term":[{"taxonomy":"product_brand","embeddable":true,"href":"https:\/\/praxi.gr\/homepage\/wp-json\/wp\/v2\/product_brand?post=108305"},{"taxonomy":"product_cat","embeddable":true,"href":"https:\/\/praxi.gr\/homepage\/wp-json\/wp\/v2\/product_cat?post=108305"},{"taxonomy":"product_tag","embeddable":true,"href":"https:\/\/praxi.gr\/homepage\/wp-json\/wp\/v2\/product_tag?post=108305"}],"curies":[{"name":"wp","href":"https:\/\/api.w.org\/{rel}","templated":true}]}}