{"id":64397,"date":"2023-10-13T10:48:38","date_gmt":"2023-10-13T08:48:38","guid":{"rendered":"https:\/\/praxi.gr\/homepage\/?post_type=product&#038;p=64397"},"modified":"2024-08-30T15:27:18","modified_gmt":"2024-08-30T13:27:18","slug":"canon-imageprograf-tm-355-ao-36","status":"publish","type":"product","link":"https:\/\/praxi.gr\/homepage\/shop\/plotters\/canon-plotters\/canon-imageprograf-tm-355-ao-36\/","title":{"rendered":"Canon ImagePROGRAF TM-355 AO 36&#8243;"},"content":{"rendered":"<table class=\"table-data-sheet\">\n<tbody>\n<tr class=\"odd\">\n<td>Format:<\/td>\n<td>A0 \/ 36 inches \/ 91.4cm<\/td>\n<\/tr>\n<tr class=\"even\">\n<td>Nozzle density:<\/td>\n<td>Total: 15,360 nozzles MBK: 5120 nozzles<\/td>\n<\/tr>\n<tr class=\"odd\">\n<td>Ink type<\/td>\n<td>Pigmented inks<\/td>\n<\/tr>\n<tr class=\"even\">\n<td>Number of inks:<\/td>\n<td>5 colors 36 inches<\/td>\n<\/tr>\n<tr class=\"odd\">\n<td>Colors:<\/td>\n<td>MBK, N, C, M, J<\/td>\n<\/tr>\n<tr class=\"even\">\n<td>Print language:<\/td>\n<td>HP-GL\/2, HP RTL, PDF (ver. 1.7), JPEG (Ver. JFIF 1.02), CALS G4 (FTP submission only)<\/td>\n<\/tr>\n<tr class=\"odd\">\n<td>Memory :<\/td>\n<td>128 GB (physical memory: 2 GB) Expansion slot: No<\/td>\n<\/tr>\n<tr class=\"even\">\n<td>Hard disk :<\/td>\n<td>500 GB (encrypted)<\/td>\n<\/tr>\n<tr class=\"odd\">\n<td>Connectivity:<\/td>\n<td>32-bit: Windows 7, Windows 8.1, Windows 10 64-bit: Windows 7, Windows 8.1, Windows 10, Windows 11, Windows Server 2008R2, 2012, 2012R2, 2016, 2019, 2022 Apple Macintosh: macOS 10.15.7~macOS 13<\/td>\n<\/tr>\n<tr class=\"even\">\n<td>Print resolution:<\/td>\n<td>2400 \u00d7 1200 dpi<\/td>\n<\/tr>\n<tr class=\"odd\">\n<td>DxLxH:<\/td>\n<td>1285 \u00d7 868 \u00d7 1060 mm (open) 1285 \u00d7 756 \u00d7 1060 mm (closed)<\/td>\n<\/tr>\n<tr class=\"even\">\n<td>Weight :<\/td>\n<td>63.8 kg<\/td>\n<\/tr>\n<tr class=\"odd\">\n<td>Original thickness<\/td>\n<td>Roll\/Sheet: 0.07 to 0.8 mm<\/td>\n<\/tr>\n<tr class=\"even\">\n<td>Maximum plan length:<\/td>\n<td>Roll paper: 203.2 to 917 mm Sheet: 210 to 917 mm<\/td>\n<\/tr>\n<tr class=\"odd\">\n<td>Options<\/td>\n<td>2&#8243;\/3&#8243; Roll Holder: RH2-35 IC Card Reader Holder: RA-02<\/td>\n<\/tr>\n<\/tbody>\n<\/table>\n<p>&nbsp;<\/p>\n","protected":false},"excerpt":{"rendered":"<p><span style=\"color: #ff9900;\"><b>\u03a0\u03b1\u03c1\u03ac\u03b4\u03bf\u03c3\u03b7 \u03b5\u03bd\u03c4\u03cc\u03c2 4-10 \u03b7\u03bc\u03b5\u03c1\u03ce\u03bd<\/b><\/span><\/p>\n<p><strong><span style=\"color: #808080;\">(2250\u20ac + \u03a6.\u03a0.\u0391)<\/span><\/strong><\/p>\n<p>&nbsp;<\/p>\n<p>The Canon TM 355 36-inch printer makes it easy to create precise technical drawings with crisp lines and attractive marketing materials, for businesses and design offices as well as the retail and printing industries. education.<\/p>\n<p>&nbsp;<\/p>\n<p>&nbsp;<\/p>\n<p>&nbsp;<\/p>\n<p>&nbsp;<\/p>\n","protected":false},"featured_media":64398,"template":"","meta":{"_acf_changed":false},"product_brand":[],"product_cat":[554],"product_tag":[],"class_list":{"0":"post-64397","1":"product","2":"type-product","3":"status-publish","4":"has-post-thumbnail","6":"product_cat-canon-plotters","7":"product_shipping_class-printers","8":"tm-no-options","10":"first","11":"instock","12":"taxable","13":"shipping-taxable","14":"purchasable","15":"product-type-simple"},"composite_virtual":false,"composite_layout":"","composite_add_to_cart_form_location":"","composite_editable_in_cart":false,"composite_sold_individually_context":"","composite_shop_price_calc":"","composite_components":[],"composite_scenarios":[],"acf":[],"yoast_head":"<!-- This site is optimized with the Yoast SEO plugin v26.9 - https:\/\/yoast.com\/product\/yoast-seo-wordpress\/ -->\n<title>Canon ImagePROGRAF TM-355 AO 36&quot; - \u03a0\u03a1\u0391\u039e\u0397<\/title>\n<meta name=\"robots\" content=\"index, follow, max-snippet:-1, max-image-preview:large, max-video-preview:-1\" \/>\n<link rel=\"canonical\" href=\"https:\/\/praxi.gr\/homepage\/shop\/plotters\/canon-plotters\/canon-imageprograf-tm-355-ao-36\/\" \/>\n<meta property=\"og:locale\" content=\"el_GR\" \/>\n<meta property=\"og:type\" content=\"article\" \/>\n<meta property=\"og:title\" content=\"Canon ImagePROGRAF TM-355 AO 36&quot; - \u03a0\u03a1\u0391\u039e\u0397\" \/>\n<meta property=\"og:description\" content=\"\u03a0\u03b1\u03c1\u03ac\u03b4\u03bf\u03c3\u03b7 \u03b5\u03bd\u03c4\u03cc\u03c2 4-10 \u03b7\u03bc\u03b5\u03c1\u03ce\u03bd  (2250\u20ac + \u03a6.\u03a0.\u0391)  &nbsp;  The Canon TM 355 36-inch printer makes it easy to create precise technical drawings with crisp lines and attractive marketing materials, for businesses and design offices as well as the retail and printing industries. education.  &nbsp;  &nbsp;  &nbsp;  &nbsp;\" \/>\n<meta property=\"og:url\" content=\"https:\/\/praxi.gr\/homepage\/shop\/plotters\/canon-plotters\/canon-imageprograf-tm-355-ao-36\/\" \/>\n<meta property=\"og:site_name\" content=\"\u03a0\u03a1\u0391\u039e\u0397\" \/>\n<meta property=\"article:publisher\" content=\"https:\/\/www.facebook.com\/PRAXILTD\" \/>\n<meta property=\"article:modified_time\" content=\"2024-08-30T13:27:18+00:00\" \/>\n<meta property=\"og:image\" content=\"https:\/\/praxi.gr\/homepage\/wp-content\/uploads\/2023\/10\/Canon-iPF-TM-355-A0.png\" \/>\n\t<meta property=\"og:image:width\" content=\"1080\" \/>\n\t<meta property=\"og:image:height\" content=\"1080\" \/>\n\t<meta property=\"og:image:type\" content=\"image\/png\" \/>\n<meta name=\"twitter:card\" content=\"summary_large_image\" \/>\n<meta name=\"twitter:label1\" content=\"\u0395\u03ba\u03c4\u03b9\u03bc\u03ce\u03bc\u03b5\u03bd\u03bf\u03c2 \u03c7\u03c1\u03cc\u03bd\u03bf\u03c2 \u03b1\u03bd\u03ac\u03b3\u03bd\u03c9\u03c3\u03b7\u03c2\" \/>\n\t<meta name=\"twitter:data1\" content=\"1 \u03bb\u03b5\u03c0\u03c4\u03cc\" \/>\n<script type=\"application\/ld+json\" class=\"yoast-schema-graph\">{\"@context\":\"https:\/\/schema.org\",\"@graph\":[{\"@type\":\"WebPage\",\"@id\":\"https:\/\/praxi.gr\/homepage\/shop\/plotters\/canon-plotters\/canon-imageprograf-tm-355-ao-36\/\",\"url\":\"https:\/\/praxi.gr\/homepage\/shop\/plotters\/canon-plotters\/canon-imageprograf-tm-355-ao-36\/\",\"name\":\"Canon ImagePROGRAF TM-355 AO 36\\\" - \u03a0\u03a1\u0391\u039e\u0397\",\"isPartOf\":{\"@id\":\"https:\/\/praxi.gr\/homepage\/#website\"},\"primaryImageOfPage\":{\"@id\":\"https:\/\/praxi.gr\/homepage\/shop\/plotters\/canon-plotters\/canon-imageprograf-tm-355-ao-36\/#primaryimage\"},\"image\":{\"@id\":\"https:\/\/praxi.gr\/homepage\/shop\/plotters\/canon-plotters\/canon-imageprograf-tm-355-ao-36\/#primaryimage\"},\"thumbnailUrl\":\"https:\/\/praxi.gr\/homepage\/wp-content\/uploads\/2023\/10\/Canon-iPF-TM-355-A0.png\",\"datePublished\":\"2023-10-13T08:48:38+00:00\",\"dateModified\":\"2024-08-30T13:27:18+00:00\",\"breadcrumb\":{\"@id\":\"https:\/\/praxi.gr\/homepage\/shop\/plotters\/canon-plotters\/canon-imageprograf-tm-355-ao-36\/#breadcrumb\"},\"inLanguage\":\"el\",\"potentialAction\":[{\"@type\":\"ReadAction\",\"target\":[\"https:\/\/praxi.gr\/homepage\/shop\/plotters\/canon-plotters\/canon-imageprograf-tm-355-ao-36\/\"]}]},{\"@type\":\"ImageObject\",\"inLanguage\":\"el\",\"@id\":\"https:\/\/praxi.gr\/homepage\/shop\/plotters\/canon-plotters\/canon-imageprograf-tm-355-ao-36\/#primaryimage\",\"url\":\"https:\/\/praxi.gr\/homepage\/wp-content\/uploads\/2023\/10\/Canon-iPF-TM-355-A0.png\",\"contentUrl\":\"https:\/\/praxi.gr\/homepage\/wp-content\/uploads\/2023\/10\/Canon-iPF-TM-355-A0.png\",\"width\":1080,\"height\":1080},{\"@type\":\"BreadcrumbList\",\"@id\":\"https:\/\/praxi.gr\/homepage\/shop\/plotters\/canon-plotters\/canon-imageprograf-tm-355-ao-36\/#breadcrumb\",\"itemListElement\":[{\"@type\":\"ListItem\",\"position\":1,\"name\":\"\u0391\u03c1\u03c7\u03b9\u03ba\u03ae\",\"item\":\"https:\/\/praxi.gr\/homepage\/\"},{\"@type\":\"ListItem\",\"position\":2,\"name\":\"\u03a0\u03c1\u03bf\u03ca\u03cc\u03bd\u03c4\u03b1\",\"item\":\"https:\/\/praxi.gr\/homepage\/shop\/\"},{\"@type\":\"ListItem\",\"position\":3,\"name\":\"Canon ImagePROGRAF TM-355 AO 36&#8243;\"}]},{\"@type\":\"WebSite\",\"@id\":\"https:\/\/praxi.gr\/homepage\/#website\",\"url\":\"https:\/\/praxi.gr\/homepage\/\",\"name\":\"\u03a0\u03a1\u0391\u039e\u0397 Printing & IT Solutions\",\"description\":\"Printing &amp; IT Solutions\",\"publisher\":{\"@id\":\"https:\/\/praxi.gr\/homepage\/#organization\"},\"potentialAction\":[{\"@type\":\"SearchAction\",\"target\":{\"@type\":\"EntryPoint\",\"urlTemplate\":\"https:\/\/praxi.gr\/homepage\/?s={search_term_string}\"},\"query-input\":{\"@type\":\"PropertyValueSpecification\",\"valueRequired\":true,\"valueName\":\"search_term_string\"}}],\"inLanguage\":\"el\"},{\"@type\":\"Organization\",\"@id\":\"https:\/\/praxi.gr\/homepage\/#organization\",\"name\":\"\u03a0\u03a1\u0391\u039e\u0397 Printing & IT Solutions\",\"url\":\"https:\/\/praxi.gr\/homepage\/\",\"logo\":{\"@type\":\"ImageObject\",\"inLanguage\":\"el\",\"@id\":\"https:\/\/praxi.gr\/homepage\/#\/schema\/logo\/image\/\",\"url\":\"https:\/\/praxi.gr\/homepage\/wp-content\/uploads\/2021\/02\/Logo-Praxi-Printing-IT-Solutions-ai.png\",\"contentUrl\":\"https:\/\/praxi.gr\/homepage\/wp-content\/uploads\/2021\/02\/Logo-Praxi-Printing-IT-Solutions-ai.png\",\"width\":1153,\"height\":471,\"caption\":\"\u03a0\u03a1\u0391\u039e\u0397 Printing & IT Solutions\"},\"image\":{\"@id\":\"https:\/\/praxi.gr\/homepage\/#\/schema\/logo\/image\/\"},\"sameAs\":[\"https:\/\/www.facebook.com\/PRAXILTD\",\"https:\/\/www.instagram.com\/praxi_ltd\/\",\"https:\/\/www.tiktok.com\/@praxi_ltd\"]}]}<\/script>\n<!-- \/ Yoast SEO plugin. -->","yoast_head_json":{"title":"Canon ImagePROGRAF TM-355 AO 36\" - \u03a0\u03a1\u0391\u039e\u0397","robots":{"index":"index","follow":"follow","max-snippet":"max-snippet:-1","max-image-preview":"max-image-preview:large","max-video-preview":"max-video-preview:-1"},"canonical":"https:\/\/praxi.gr\/homepage\/shop\/plotters\/canon-plotters\/canon-imageprograf-tm-355-ao-36\/","og_locale":"el_GR","og_type":"article","og_title":"Canon ImagePROGRAF TM-355 AO 36\" - \u03a0\u03a1\u0391\u039e\u0397","og_description":"\u03a0\u03b1\u03c1\u03ac\u03b4\u03bf\u03c3\u03b7 \u03b5\u03bd\u03c4\u03cc\u03c2 4-10 \u03b7\u03bc\u03b5\u03c1\u03ce\u03bd  (2250\u20ac + \u03a6.\u03a0.\u0391)  &nbsp;  The Canon TM 355 36-inch printer makes it easy to create precise technical drawings with crisp lines and attractive marketing materials, for businesses and design offices as well as the retail and printing industries. education.  &nbsp;  &nbsp;  &nbsp;  &nbsp;","og_url":"https:\/\/praxi.gr\/homepage\/shop\/plotters\/canon-plotters\/canon-imageprograf-tm-355-ao-36\/","og_site_name":"\u03a0\u03a1\u0391\u039e\u0397","article_publisher":"https:\/\/www.facebook.com\/PRAXILTD","article_modified_time":"2024-08-30T13:27:18+00:00","og_image":[{"width":1080,"height":1080,"url":"https:\/\/praxi.gr\/homepage\/wp-content\/uploads\/2023\/10\/Canon-iPF-TM-355-A0.png","type":"image\/png"}],"twitter_card":"summary_large_image","twitter_misc":{"\u0395\u03ba\u03c4\u03b9\u03bc\u03ce\u03bc\u03b5\u03bd\u03bf\u03c2 \u03c7\u03c1\u03cc\u03bd\u03bf\u03c2 \u03b1\u03bd\u03ac\u03b3\u03bd\u03c9\u03c3\u03b7\u03c2":"1 \u03bb\u03b5\u03c0\u03c4\u03cc"},"schema":{"@context":"https:\/\/schema.org","@graph":[{"@type":"WebPage","@id":"https:\/\/praxi.gr\/homepage\/shop\/plotters\/canon-plotters\/canon-imageprograf-tm-355-ao-36\/","url":"https:\/\/praxi.gr\/homepage\/shop\/plotters\/canon-plotters\/canon-imageprograf-tm-355-ao-36\/","name":"Canon ImagePROGRAF TM-355 AO 36\" - \u03a0\u03a1\u0391\u039e\u0397","isPartOf":{"@id":"https:\/\/praxi.gr\/homepage\/#website"},"primaryImageOfPage":{"@id":"https:\/\/praxi.gr\/homepage\/shop\/plotters\/canon-plotters\/canon-imageprograf-tm-355-ao-36\/#primaryimage"},"image":{"@id":"https:\/\/praxi.gr\/homepage\/shop\/plotters\/canon-plotters\/canon-imageprograf-tm-355-ao-36\/#primaryimage"},"thumbnailUrl":"https:\/\/praxi.gr\/homepage\/wp-content\/uploads\/2023\/10\/Canon-iPF-TM-355-A0.png","datePublished":"2023-10-13T08:48:38+00:00","dateModified":"2024-08-30T13:27:18+00:00","breadcrumb":{"@id":"https:\/\/praxi.gr\/homepage\/shop\/plotters\/canon-plotters\/canon-imageprograf-tm-355-ao-36\/#breadcrumb"},"inLanguage":"el","potentialAction":[{"@type":"ReadAction","target":["https:\/\/praxi.gr\/homepage\/shop\/plotters\/canon-plotters\/canon-imageprograf-tm-355-ao-36\/"]}]},{"@type":"ImageObject","inLanguage":"el","@id":"https:\/\/praxi.gr\/homepage\/shop\/plotters\/canon-plotters\/canon-imageprograf-tm-355-ao-36\/#primaryimage","url":"https:\/\/praxi.gr\/homepage\/wp-content\/uploads\/2023\/10\/Canon-iPF-TM-355-A0.png","contentUrl":"https:\/\/praxi.gr\/homepage\/wp-content\/uploads\/2023\/10\/Canon-iPF-TM-355-A0.png","width":1080,"height":1080},{"@type":"BreadcrumbList","@id":"https:\/\/praxi.gr\/homepage\/shop\/plotters\/canon-plotters\/canon-imageprograf-tm-355-ao-36\/#breadcrumb","itemListElement":[{"@type":"ListItem","position":1,"name":"\u0391\u03c1\u03c7\u03b9\u03ba\u03ae","item":"https:\/\/praxi.gr\/homepage\/"},{"@type":"ListItem","position":2,"name":"\u03a0\u03c1\u03bf\u03ca\u03cc\u03bd\u03c4\u03b1","item":"https:\/\/praxi.gr\/homepage\/shop\/"},{"@type":"ListItem","position":3,"name":"Canon ImagePROGRAF TM-355 AO 36&#8243;"}]},{"@type":"WebSite","@id":"https:\/\/praxi.gr\/homepage\/#website","url":"https:\/\/praxi.gr\/homepage\/","name":"\u03a0\u03a1\u0391\u039e\u0397 Printing & IT Solutions","description":"Printing &amp; IT Solutions","publisher":{"@id":"https:\/\/praxi.gr\/homepage\/#organization"},"potentialAction":[{"@type":"SearchAction","target":{"@type":"EntryPoint","urlTemplate":"https:\/\/praxi.gr\/homepage\/?s={search_term_string}"},"query-input":{"@type":"PropertyValueSpecification","valueRequired":true,"valueName":"search_term_string"}}],"inLanguage":"el"},{"@type":"Organization","@id":"https:\/\/praxi.gr\/homepage\/#organization","name":"\u03a0\u03a1\u0391\u039e\u0397 Printing & IT Solutions","url":"https:\/\/praxi.gr\/homepage\/","logo":{"@type":"ImageObject","inLanguage":"el","@id":"https:\/\/praxi.gr\/homepage\/#\/schema\/logo\/image\/","url":"https:\/\/praxi.gr\/homepage\/wp-content\/uploads\/2021\/02\/Logo-Praxi-Printing-IT-Solutions-ai.png","contentUrl":"https:\/\/praxi.gr\/homepage\/wp-content\/uploads\/2021\/02\/Logo-Praxi-Printing-IT-Solutions-ai.png","width":1153,"height":471,"caption":"\u03a0\u03a1\u0391\u039e\u0397 Printing & IT Solutions"},"image":{"@id":"https:\/\/praxi.gr\/homepage\/#\/schema\/logo\/image\/"},"sameAs":["https:\/\/www.facebook.com\/PRAXILTD","https:\/\/www.instagram.com\/praxi_ltd\/","https:\/\/www.tiktok.com\/@praxi_ltd"]}]}},"_links":{"self":[{"href":"https:\/\/praxi.gr\/homepage\/wp-json\/wp\/v2\/product\/64397","targetHints":{"allow":["GET"]}}],"collection":[{"href":"https:\/\/praxi.gr\/homepage\/wp-json\/wp\/v2\/product"}],"about":[{"href":"https:\/\/praxi.gr\/homepage\/wp-json\/wp\/v2\/types\/product"}],"version-history":[{"count":6,"href":"https:\/\/praxi.gr\/homepage\/wp-json\/wp\/v2\/product\/64397\/revisions"}],"predecessor-version":[{"id":86167,"href":"https:\/\/praxi.gr\/homepage\/wp-json\/wp\/v2\/product\/64397\/revisions\/86167"}],"wp:featuredmedia":[{"embeddable":true,"href":"https:\/\/praxi.gr\/homepage\/wp-json\/wp\/v2\/media\/64398"}],"wp:attachment":[{"href":"https:\/\/praxi.gr\/homepage\/wp-json\/wp\/v2\/media?parent=64397"}],"wp:term":[{"taxonomy":"product_brand","embeddable":true,"href":"https:\/\/praxi.gr\/homepage\/wp-json\/wp\/v2\/product_brand?post=64397"},{"taxonomy":"product_cat","embeddable":true,"href":"https:\/\/praxi.gr\/homepage\/wp-json\/wp\/v2\/product_cat?post=64397"},{"taxonomy":"product_tag","embeddable":true,"href":"https:\/\/praxi.gr\/homepage\/wp-json\/wp\/v2\/product_tag?post=64397"}],"curies":[{"name":"wp","href":"https:\/\/api.w.org\/{rel}","templated":true}]}}