{"id":72260,"date":"2024-01-22T12:22:36","date_gmt":"2024-01-22T10:22:36","guid":{"rendered":"https:\/\/praxi.gr\/homepage\/?post_type=product&#038;p=72260"},"modified":"2024-01-22T12:30:39","modified_gmt":"2024-01-22T10:30:39","slug":"versa-object-mo-240","status":"publish","type":"product","link":"https:\/\/praxi.gr\/homepage\/shop\/uv-printers\/versa-object-mo-240\/","title":{"rendered":"VersaOBJECT MO-240"},"content":{"rendered":"<div class=\"sow-accordion-panel-header-container\" role=\"heading\" aria-level=\"2\">\n<div id=\"accordion-label-specifications%e2%80%8a\" class=\"sow-accordion-panel-header\" tabindex=\"0\" role=\"button\" aria-controls=\"accordion-content-specifications%e2%80%8a\" aria-expanded=\"true\"><\/div>\n<\/div>\n<div id=\"accordion-content-specifications%e2%80%8a\" class=\"sow-accordion-panel-content\" role=\"region\" aria-labelledby=\"accordion-label-specifications%e2%80%8a\">\n<div class=\"sow-accordion-panel-border\" tabindex=\"0\">\n<div class=\"sow-accordion-panel-header-container\" role=\"heading\" aria-level=\"2\">\n<div id=\"accordion-label-specifications%e2%80%8a\" class=\"sow-accordion-panel-header\" tabindex=\"0\" role=\"button\" aria-controls=\"accordion-content-specifications%e2%80%8a\" aria-expanded=\"true\">\n<div class=\"sow-accordion-title sow-accordion-title-icon-left\"><\/div>\n<\/div>\n<\/div>\n<div id=\"accordion-content-specifications%e2%80%8a\" class=\"sow-accordion-panel-content\" role=\"region\" aria-labelledby=\"accordion-label-specifications%e2%80%8a\">\n<div class=\"sow-accordion-panel-border\" tabindex=\"0\">\n<div class=\"feature-list\">\n<div class=\"specifications feature-item \">\n<div class=\"feature-content-wrapper custom-container\">\n<div class=\"feature-content\">\n<div class=\"feature-center\">\n<div class=\"row justify-content-md-center\">\n<div class=\"col-md-10 text-center\">\n<div class=\"feature-description\">\n<div>\n<div class=\"nrx_context\">\n<div class=\"hscroll\">\n<table id=\"nrx_specification_tab\" class=\"specifications table table-responsive\">\n<tbody>\n<tr>\n<td colspan=\"3\"><strong>Model<\/strong><\/td>\n<td colspan=\"6\"><strong>MO-240<\/strong><\/td>\n<\/tr>\n<tr>\n<td colspan=\"3\"><strong>Printing Method<\/strong><\/td>\n<td colspan=\"6\">Piezo ink-jet method<\/td>\n<\/tr>\n<tr>\n<td rowspan=\"4\">\u00a0<strong>Attachable objects to be printed on<\/strong><\/td>\n<td colspan=\"2\">\u00a0<strong>Width<\/strong><\/td>\n<td colspan=\"6\">Max. 640 mm (25.1 in.)<\/td>\n<\/tr>\n<tr>\n<td colspan=\"2\"><strong>Length<\/strong><\/td>\n<td colspan=\"6\">Max. 488 mm (19.2 in.)<\/td>\n<\/tr>\n<tr>\n<td colspan=\"2\"><strong>Thickness<\/strong><\/td>\n<td colspan=\"6\">Max. 204 mm (8 in.)<\/td>\n<\/tr>\n<tr>\n<td colspan=\"2\"><strong>Weight<\/strong><\/td>\n<td colspan=\"6\">Max. 8 kg (17.6 lb.) (When using a vacuum table: max. 4 kg [8.8 lb.])<\/td>\n<\/tr>\n<tr>\n<td colspan=\"3\"><strong>Printing width\/printing length<br \/>\n(width x length)<\/strong><\/td>\n<td colspan=\"6\">Max. 610 mm \u00d7 458 mm (24 in. \u00d7 18 in.)<\/td>\n<\/tr>\n<tr>\n<td rowspan=\"2\"><strong>Ink<\/strong><\/td>\n<td colspan=\"2\"><strong>Type<\/strong><\/td>\n<td colspan=\"6\">ECO-UV (EUV5P) 750 ml pouch<\/td>\n<\/tr>\n<tr>\n<td colspan=\"2\"><strong>Colours<\/strong><\/td>\n<td colspan=\"6\">Eight colours (cyan, magenta, yellow, black, gloss, white, orange, and red)<br \/>\nSeven colours (cyan, magenta, yellow, black, white, orange, and red) and primer<br \/>\nSeven colours (cyan, magenta, yellow, black, gloss, white, and red) and primer<br \/>\nSeven colours (cyan, magenta, yellow, black, white x 2, orange, and red\uff09<br \/>\nSix colours (cyan, magenta, yellow, black, gloss, and white x 2) and primer<br \/>\nSix colours (cyan, magenta, yellow, black, gloss x 2, and white x 2)<\/td>\n<\/tr>\n<tr>\n<td colspan=\"3\"><strong>Ink-curing unit<\/strong><\/td>\n<td colspan=\"6\">Built-in UV-LED lamp<\/td>\n<\/tr>\n<tr>\n<td colspan=\"3\"><strong>Printing resolution (dots per inch)<\/strong><\/td>\n<td colspan=\"6\">Max. 1,200 dpi<\/td>\n<\/tr>\n<tr>\n<td colspan=\"3\"><strong>Connectivity<\/strong><\/td>\n<td colspan=\"6\">Ethernet (100BASE-TX\/1000BASE-T, automatic switching)<\/td>\n<\/tr>\n<tr>\n<td colspan=\"3\"><strong>Power-saving function<\/strong><\/td>\n<td colspan=\"6\">Automatic sleep feature<\/td>\n<\/tr>\n<tr>\n<td colspan=\"3\"><strong>Power requirements<\/strong><\/td>\n<td colspan=\"6\">100 \u2013 240 Va.c. 50\/60 Hz 3.5A<\/td>\n<\/tr>\n<tr>\n<td colspan=\"2\" rowspan=\"2\"><strong>Power consumption<br \/>\n<\/strong><\/td>\n<td><strong>During operation<\/strong><\/td>\n<td colspan=\"6\">Approx. 290 W<\/td>\n<\/tr>\n<tr>\n<td><strong>Sleep mode<\/strong><\/td>\n<td colspan=\"6\">\u00a0Approx. 70 W<\/td>\n<\/tr>\n<tr>\n<td colspan=\"2\" rowspan=\"2\"><strong>Acoustic noise level<br \/>\n<\/strong><\/td>\n<td><strong>During operation<\/strong><\/td>\n<td colspan=\"6\">60 dB (A) or less<\/td>\n<\/tr>\n<tr>\n<td><strong>During standby<\/strong><\/td>\n<td colspan=\"6\">49 dB (A) or less<\/td>\n<\/tr>\n<tr>\n<td colspan=\"3\"><strong>Dimensions (width x depth x height)<\/strong><\/td>\n<td colspan=\"6\">1,601 mm \u00d7 1,267 mm \u00d7 760 mm (63.1 in. \u00d7 49.9 in. \u00d7 30.0 in.)<\/td>\n<\/tr>\n<tr>\n<td colspan=\"3\">\u00a0<strong>Weight<\/strong><\/td>\n<td colspan=\"6\">211 kg (466 lb.)<\/td>\n<\/tr>\n<tr>\n<td colspan=\"2\" rowspan=\"2\"><strong>Environment<\/strong><\/td>\n<td><strong>\u00a0During operation(*1)<\/strong><\/td>\n<td colspan=\"6\">\u00a0Temperature: 20 to 32 \u00b0C (68 to 89.6 \u00b0F), Humidity: 35 to 80 %RH (no condensation)<\/td>\n<\/tr>\n<tr>\n<td><strong>Not operating\u00a0<\/strong><\/td>\n<td colspan=\"6\">Temperature: 5 to 40 \u00b0C (41 to 104 \u00b0F), Humidity: 20 to 80 %RH (no condensation)<\/td>\n<\/tr>\n<tr>\n<td colspan=\"3\">\u00a0<strong>Included Items<\/strong><\/td>\n<td colspan=\"6\">Power cord, cleaning liquid, drain bottle, User\u2019s Manual, software (VersaWorks, Roland DG Connect) etc.<\/td>\n<\/tr>\n<\/tbody>\n<\/table>\n<\/div>\n<\/div>\n<div><sup>1<\/sup>\u00a0Operating environment (Use the machine in an operating environment within these ranges.)<br \/>\n<img decoding=\"async\" class=\"\" src=\"https:\/\/www.rolanddg.eu\/-\/media\/roland-emea\/images\/products\/printers\/mo240\/versaobjectmohumtemp.svg\" alt=\"\" width=\"214\" height=\"169\" \/><\/div>\n<\/div>\n<\/div>\n<\/div>\n<\/div>\n<\/div>\n<\/div>\n<\/div>\n<\/div>\n<\/div>\n<\/div>\n<\/div>\n<\/div>\n<\/div>\n","protected":false},"excerpt":{"rendered":"<p><strong><span style=\"color: #008000;\">\u0386\u03bc\u03b5\u03c3\u03b7 \u03c0\u03b1\u03c1\u03b1\u03bb\u03b1\u03b2\u03ae<\/span><\/strong><\/p>\n<p>&nbsp;<\/p>\n<h4 class=\"h2\"><\/h4>\n<p>Expand your business with high-definition, high-speed digital printing thanks to the VersaOBJECT MO-240. Our advanced UV flatbed printer gives you the power to dominate a growing direct-print market through:<\/p>\n<ul>\n<li><strong>High-Definition Print:<\/strong> Reproduce small letters, fine textures, gradations, and colour-matched graphics with ease.<\/li>\n<li><strong>High Productivity:<\/strong> Do more with staggered printheads, powerful UV lamps, and an A2 print bed.<\/li>\n<li><strong>Greater Flexibility:<\/strong> Print up to 204 mm, as standard and unlock cylindrical items with an optional attachment.<\/li>\n<li><strong>Intuitive Interface:<\/strong> Now with touchscreen control and more powerful, easy-to-use VersaWorks software.<\/li>\n<\/ul>\n<p>Welcome to a new world of creative possibilities.<\/p>\n<p><a href=\"https:\/\/praxi.gr\/homepage\/wp-content\/uploads\/2024\/01\/VERSA-OBJECT-MO-240.pdf\"><img decoding=\"async\" class=\"aligncenter wp-image-17947 size-full\" src=\"https:\/\/praxi.gr\/homepage\/wp-content\/uploads\/2020\/07\/pdf-icon-e1595846264269.png\" alt=\"\" width=\"80\" height=\"80\" \/><\/a><\/p>\n","protected":false},"featured_media":72261,"template":"","meta":{"_acf_changed":false},"product_brand":[],"product_cat":[938],"product_tag":[],"class_list":{"0":"post-72260","1":"product","2":"type-product","3":"status-publish","4":"has-post-thumbnail","6":"product_cat-uv-printers","7":"tm-no-options","9":"first","10":"instock","11":"taxable","12":"shipping-taxable","13":"product-type-simple"},"composite_virtual":false,"composite_layout":"","composite_add_to_cart_form_location":"","composite_editable_in_cart":false,"composite_sold_individually_context":"","composite_shop_price_calc":"","composite_components":[],"composite_scenarios":[],"acf":[],"yoast_head":"<!-- This site is optimized with the Yoast SEO plugin v26.9 - https:\/\/yoast.com\/product\/yoast-seo-wordpress\/ -->\n<title>VersaOBJECT MO-240 - \u03a0\u03a1\u0391\u039e\u0397<\/title>\n<meta name=\"robots\" content=\"index, follow, max-snippet:-1, max-image-preview:large, max-video-preview:-1\" \/>\n<link rel=\"canonical\" href=\"https:\/\/praxi.gr\/homepage\/shop\/uv-printers\/versa-object-mo-240\/\" \/>\n<meta property=\"og:locale\" content=\"el_GR\" \/>\n<meta property=\"og:type\" content=\"article\" \/>\n<meta property=\"og:title\" content=\"VersaOBJECT MO-240 - \u03a0\u03a1\u0391\u039e\u0397\" \/>\n<meta property=\"og:description\" content=\"\u0386\u03bc\u03b5\u03c3\u03b7 \u03c0\u03b1\u03c1\u03b1\u03bb\u03b1\u03b2\u03ae  &nbsp;  Expand your business with high-definition, high-speed digital printing thanks to the VersaOBJECT MO-240. Our advanced UV flatbed printer gives you the power to dominate a growing direct-print market through:   High-Definition Print: Reproduce small letters, fine textures, gradations, and colour-matched graphics with ease.  High Productivity: Do more with staggered printheads, powerful UV lamps, and an A2 print bed.  Greater Flexibility: Print up to 204 mm, as standard and unlock cylindrical items with an optional attachment.  Intuitive Interface: Now with touchscreen control and more powerful, easy-to-use VersaWorks software.  Welcome to a new world of creative possibilities.\" \/>\n<meta property=\"og:url\" content=\"https:\/\/praxi.gr\/homepage\/shop\/uv-printers\/versa-object-mo-240\/\" \/>\n<meta property=\"og:site_name\" content=\"\u03a0\u03a1\u0391\u039e\u0397\" \/>\n<meta property=\"article:publisher\" content=\"https:\/\/www.facebook.com\/PRAXILTD\" \/>\n<meta property=\"article:modified_time\" content=\"2024-01-22T10:30:39+00:00\" \/>\n<meta property=\"og:image\" content=\"https:\/\/praxi.gr\/homepage\/wp-content\/uploads\/2024\/01\/VersaOBJECT-MO-240.png\" \/>\n\t<meta property=\"og:image:width\" content=\"1080\" \/>\n\t<meta property=\"og:image:height\" content=\"1080\" \/>\n\t<meta property=\"og:image:type\" content=\"image\/png\" \/>\n<meta name=\"twitter:card\" content=\"summary_large_image\" \/>\n<meta name=\"twitter:label1\" content=\"\u0395\u03ba\u03c4\u03b9\u03bc\u03ce\u03bc\u03b5\u03bd\u03bf\u03c2 \u03c7\u03c1\u03cc\u03bd\u03bf\u03c2 \u03b1\u03bd\u03ac\u03b3\u03bd\u03c9\u03c3\u03b7\u03c2\" \/>\n\t<meta name=\"twitter:data1\" content=\"2 \u03bb\u03b5\u03c0\u03c4\u03ac\" \/>\n<script type=\"application\/ld+json\" class=\"yoast-schema-graph\">{\"@context\":\"https:\/\/schema.org\",\"@graph\":[{\"@type\":\"WebPage\",\"@id\":\"https:\/\/praxi.gr\/homepage\/shop\/uv-printers\/versa-object-mo-240\/\",\"url\":\"https:\/\/praxi.gr\/homepage\/shop\/uv-printers\/versa-object-mo-240\/\",\"name\":\"VersaOBJECT MO-240 - \u03a0\u03a1\u0391\u039e\u0397\",\"isPartOf\":{\"@id\":\"https:\/\/praxi.gr\/homepage\/#website\"},\"primaryImageOfPage\":{\"@id\":\"https:\/\/praxi.gr\/homepage\/shop\/uv-printers\/versa-object-mo-240\/#primaryimage\"},\"image\":{\"@id\":\"https:\/\/praxi.gr\/homepage\/shop\/uv-printers\/versa-object-mo-240\/#primaryimage\"},\"thumbnailUrl\":\"https:\/\/praxi.gr\/homepage\/wp-content\/uploads\/2024\/01\/VersaOBJECT-MO-240.png\",\"datePublished\":\"2024-01-22T10:22:36+00:00\",\"dateModified\":\"2024-01-22T10:30:39+00:00\",\"breadcrumb\":{\"@id\":\"https:\/\/praxi.gr\/homepage\/shop\/uv-printers\/versa-object-mo-240\/#breadcrumb\"},\"inLanguage\":\"el\",\"potentialAction\":[{\"@type\":\"ReadAction\",\"target\":[\"https:\/\/praxi.gr\/homepage\/shop\/uv-printers\/versa-object-mo-240\/\"]}]},{\"@type\":\"ImageObject\",\"inLanguage\":\"el\",\"@id\":\"https:\/\/praxi.gr\/homepage\/shop\/uv-printers\/versa-object-mo-240\/#primaryimage\",\"url\":\"https:\/\/praxi.gr\/homepage\/wp-content\/uploads\/2024\/01\/VersaOBJECT-MO-240.png\",\"contentUrl\":\"https:\/\/praxi.gr\/homepage\/wp-content\/uploads\/2024\/01\/VersaOBJECT-MO-240.png\",\"width\":1080,\"height\":1080},{\"@type\":\"BreadcrumbList\",\"@id\":\"https:\/\/praxi.gr\/homepage\/shop\/uv-printers\/versa-object-mo-240\/#breadcrumb\",\"itemListElement\":[{\"@type\":\"ListItem\",\"position\":1,\"name\":\"\u0391\u03c1\u03c7\u03b9\u03ba\u03ae\",\"item\":\"https:\/\/praxi.gr\/homepage\/\"},{\"@type\":\"ListItem\",\"position\":2,\"name\":\"\u03a0\u03c1\u03bf\u03ca\u03cc\u03bd\u03c4\u03b1\",\"item\":\"https:\/\/praxi.gr\/homepage\/shop\/\"},{\"@type\":\"ListItem\",\"position\":3,\"name\":\"VersaOBJECT MO-240\"}]},{\"@type\":\"WebSite\",\"@id\":\"https:\/\/praxi.gr\/homepage\/#website\",\"url\":\"https:\/\/praxi.gr\/homepage\/\",\"name\":\"\u03a0\u03a1\u0391\u039e\u0397 Printing & IT Solutions\",\"description\":\"Printing &amp; IT Solutions\",\"publisher\":{\"@id\":\"https:\/\/praxi.gr\/homepage\/#organization\"},\"potentialAction\":[{\"@type\":\"SearchAction\",\"target\":{\"@type\":\"EntryPoint\",\"urlTemplate\":\"https:\/\/praxi.gr\/homepage\/?s={search_term_string}\"},\"query-input\":{\"@type\":\"PropertyValueSpecification\",\"valueRequired\":true,\"valueName\":\"search_term_string\"}}],\"inLanguage\":\"el\"},{\"@type\":\"Organization\",\"@id\":\"https:\/\/praxi.gr\/homepage\/#organization\",\"name\":\"\u03a0\u03a1\u0391\u039e\u0397 Printing & IT Solutions\",\"url\":\"https:\/\/praxi.gr\/homepage\/\",\"logo\":{\"@type\":\"ImageObject\",\"inLanguage\":\"el\",\"@id\":\"https:\/\/praxi.gr\/homepage\/#\/schema\/logo\/image\/\",\"url\":\"https:\/\/praxi.gr\/homepage\/wp-content\/uploads\/2021\/02\/Logo-Praxi-Printing-IT-Solutions-ai.png\",\"contentUrl\":\"https:\/\/praxi.gr\/homepage\/wp-content\/uploads\/2021\/02\/Logo-Praxi-Printing-IT-Solutions-ai.png\",\"width\":1153,\"height\":471,\"caption\":\"\u03a0\u03a1\u0391\u039e\u0397 Printing & IT Solutions\"},\"image\":{\"@id\":\"https:\/\/praxi.gr\/homepage\/#\/schema\/logo\/image\/\"},\"sameAs\":[\"https:\/\/www.facebook.com\/PRAXILTD\",\"https:\/\/www.instagram.com\/praxi_ltd\/\",\"https:\/\/www.tiktok.com\/@praxi_ltd\"]}]}<\/script>\n<!-- \/ Yoast SEO plugin. -->","yoast_head_json":{"title":"VersaOBJECT MO-240 - \u03a0\u03a1\u0391\u039e\u0397","robots":{"index":"index","follow":"follow","max-snippet":"max-snippet:-1","max-image-preview":"max-image-preview:large","max-video-preview":"max-video-preview:-1"},"canonical":"https:\/\/praxi.gr\/homepage\/shop\/uv-printers\/versa-object-mo-240\/","og_locale":"el_GR","og_type":"article","og_title":"VersaOBJECT MO-240 - \u03a0\u03a1\u0391\u039e\u0397","og_description":"\u0386\u03bc\u03b5\u03c3\u03b7 \u03c0\u03b1\u03c1\u03b1\u03bb\u03b1\u03b2\u03ae  &nbsp;  Expand your business with high-definition, high-speed digital printing thanks to the VersaOBJECT MO-240. Our advanced UV flatbed printer gives you the power to dominate a growing direct-print market through:   High-Definition Print: Reproduce small letters, fine textures, gradations, and colour-matched graphics with ease.  High Productivity: Do more with staggered printheads, powerful UV lamps, and an A2 print bed.  Greater Flexibility: Print up to 204 mm, as standard and unlock cylindrical items with an optional attachment.  Intuitive Interface: Now with touchscreen control and more powerful, easy-to-use VersaWorks software.  Welcome to a new world of creative possibilities.","og_url":"https:\/\/praxi.gr\/homepage\/shop\/uv-printers\/versa-object-mo-240\/","og_site_name":"\u03a0\u03a1\u0391\u039e\u0397","article_publisher":"https:\/\/www.facebook.com\/PRAXILTD","article_modified_time":"2024-01-22T10:30:39+00:00","og_image":[{"width":1080,"height":1080,"url":"https:\/\/praxi.gr\/homepage\/wp-content\/uploads\/2024\/01\/VersaOBJECT-MO-240.png","type":"image\/png"}],"twitter_card":"summary_large_image","twitter_misc":{"\u0395\u03ba\u03c4\u03b9\u03bc\u03ce\u03bc\u03b5\u03bd\u03bf\u03c2 \u03c7\u03c1\u03cc\u03bd\u03bf\u03c2 \u03b1\u03bd\u03ac\u03b3\u03bd\u03c9\u03c3\u03b7\u03c2":"2 \u03bb\u03b5\u03c0\u03c4\u03ac"},"schema":{"@context":"https:\/\/schema.org","@graph":[{"@type":"WebPage","@id":"https:\/\/praxi.gr\/homepage\/shop\/uv-printers\/versa-object-mo-240\/","url":"https:\/\/praxi.gr\/homepage\/shop\/uv-printers\/versa-object-mo-240\/","name":"VersaOBJECT MO-240 - \u03a0\u03a1\u0391\u039e\u0397","isPartOf":{"@id":"https:\/\/praxi.gr\/homepage\/#website"},"primaryImageOfPage":{"@id":"https:\/\/praxi.gr\/homepage\/shop\/uv-printers\/versa-object-mo-240\/#primaryimage"},"image":{"@id":"https:\/\/praxi.gr\/homepage\/shop\/uv-printers\/versa-object-mo-240\/#primaryimage"},"thumbnailUrl":"https:\/\/praxi.gr\/homepage\/wp-content\/uploads\/2024\/01\/VersaOBJECT-MO-240.png","datePublished":"2024-01-22T10:22:36+00:00","dateModified":"2024-01-22T10:30:39+00:00","breadcrumb":{"@id":"https:\/\/praxi.gr\/homepage\/shop\/uv-printers\/versa-object-mo-240\/#breadcrumb"},"inLanguage":"el","potentialAction":[{"@type":"ReadAction","target":["https:\/\/praxi.gr\/homepage\/shop\/uv-printers\/versa-object-mo-240\/"]}]},{"@type":"ImageObject","inLanguage":"el","@id":"https:\/\/praxi.gr\/homepage\/shop\/uv-printers\/versa-object-mo-240\/#primaryimage","url":"https:\/\/praxi.gr\/homepage\/wp-content\/uploads\/2024\/01\/VersaOBJECT-MO-240.png","contentUrl":"https:\/\/praxi.gr\/homepage\/wp-content\/uploads\/2024\/01\/VersaOBJECT-MO-240.png","width":1080,"height":1080},{"@type":"BreadcrumbList","@id":"https:\/\/praxi.gr\/homepage\/shop\/uv-printers\/versa-object-mo-240\/#breadcrumb","itemListElement":[{"@type":"ListItem","position":1,"name":"\u0391\u03c1\u03c7\u03b9\u03ba\u03ae","item":"https:\/\/praxi.gr\/homepage\/"},{"@type":"ListItem","position":2,"name":"\u03a0\u03c1\u03bf\u03ca\u03cc\u03bd\u03c4\u03b1","item":"https:\/\/praxi.gr\/homepage\/shop\/"},{"@type":"ListItem","position":3,"name":"VersaOBJECT MO-240"}]},{"@type":"WebSite","@id":"https:\/\/praxi.gr\/homepage\/#website","url":"https:\/\/praxi.gr\/homepage\/","name":"\u03a0\u03a1\u0391\u039e\u0397 Printing & IT Solutions","description":"Printing &amp; IT Solutions","publisher":{"@id":"https:\/\/praxi.gr\/homepage\/#organization"},"potentialAction":[{"@type":"SearchAction","target":{"@type":"EntryPoint","urlTemplate":"https:\/\/praxi.gr\/homepage\/?s={search_term_string}"},"query-input":{"@type":"PropertyValueSpecification","valueRequired":true,"valueName":"search_term_string"}}],"inLanguage":"el"},{"@type":"Organization","@id":"https:\/\/praxi.gr\/homepage\/#organization","name":"\u03a0\u03a1\u0391\u039e\u0397 Printing & IT Solutions","url":"https:\/\/praxi.gr\/homepage\/","logo":{"@type":"ImageObject","inLanguage":"el","@id":"https:\/\/praxi.gr\/homepage\/#\/schema\/logo\/image\/","url":"https:\/\/praxi.gr\/homepage\/wp-content\/uploads\/2021\/02\/Logo-Praxi-Printing-IT-Solutions-ai.png","contentUrl":"https:\/\/praxi.gr\/homepage\/wp-content\/uploads\/2021\/02\/Logo-Praxi-Printing-IT-Solutions-ai.png","width":1153,"height":471,"caption":"\u03a0\u03a1\u0391\u039e\u0397 Printing & IT Solutions"},"image":{"@id":"https:\/\/praxi.gr\/homepage\/#\/schema\/logo\/image\/"},"sameAs":["https:\/\/www.facebook.com\/PRAXILTD","https:\/\/www.instagram.com\/praxi_ltd\/","https:\/\/www.tiktok.com\/@praxi_ltd"]}]}},"_links":{"self":[{"href":"https:\/\/praxi.gr\/homepage\/wp-json\/wp\/v2\/product\/72260","targetHints":{"allow":["GET"]}}],"collection":[{"href":"https:\/\/praxi.gr\/homepage\/wp-json\/wp\/v2\/product"}],"about":[{"href":"https:\/\/praxi.gr\/homepage\/wp-json\/wp\/v2\/types\/product"}],"version-history":[{"count":7,"href":"https:\/\/praxi.gr\/homepage\/wp-json\/wp\/v2\/product\/72260\/revisions"}],"predecessor-version":[{"id":73903,"href":"https:\/\/praxi.gr\/homepage\/wp-json\/wp\/v2\/product\/72260\/revisions\/73903"}],"wp:featuredmedia":[{"embeddable":true,"href":"https:\/\/praxi.gr\/homepage\/wp-json\/wp\/v2\/media\/72261"}],"wp:attachment":[{"href":"https:\/\/praxi.gr\/homepage\/wp-json\/wp\/v2\/media?parent=72260"}],"wp:term":[{"taxonomy":"product_brand","embeddable":true,"href":"https:\/\/praxi.gr\/homepage\/wp-json\/wp\/v2\/product_brand?post=72260"},{"taxonomy":"product_cat","embeddable":true,"href":"https:\/\/praxi.gr\/homepage\/wp-json\/wp\/v2\/product_cat?post=72260"},{"taxonomy":"product_tag","embeddable":true,"href":"https:\/\/praxi.gr\/homepage\/wp-json\/wp\/v2\/product_tag?post=72260"}],"curies":[{"name":"wp","href":"https:\/\/api.w.org\/{rel}","templated":true}]}}